{"id":11,"date":"2023-04-07T22:49:15","date_gmt":"2023-04-07T20:49:15","guid":{"rendered":"https:\/\/golf.terresdubaguier.fr\/?page_id=11"},"modified":"2025-08-18T16:21:14","modified_gmt":"2025-08-18T14:21:14","slug":"beaux-portfolios-pour-des-creatifs-exceptionnels","status":"publish","type":"page","link":"https:\/\/golf.terresdubaguier.fr\/","title":{"rendered":"Golf Practice"},"content":{"rendered":"\n<p class=\"has-text-align-center\"><meta charset=\"utf-8\">Les Terres du Baguier est un petit domaine touristique qui ouvre ses portes \u00e0 quelques clients, souvent venus de loin, qui s\u00e9journent au calme, <br>dans l&#8217;une de nos trois maisons de vacances avec vue mer.<\/p>\n\n\n\n<p class=\"has-text-align-center\">Sur invitation, nous ouvrons \u00e9galement nos portes aux golfeurs r\u00e9sidants ou en s\u00e9jour \u00e0 la Ciotat, qui voudraient profiter de notre practice de golf priv\u00e9.<\/p>\n\n\n\n<div style=\"height:55px\" aria-hidden=\"true\" class=\"wp-block-spacer\"><\/div>\n\n\n\n<div class=\"wp-block-group alignfull has-background is-layout-flow wp-block-group-is-layout-flow\" style=\"background-color:#2f2f2f\">\n<div class=\"wp-block-columns is-layout-flex wp-container-core-columns-is-layout-0f9c3c6e wp-block-columns-is-layout-flex\" style=\"margin-top:0;margin-bottom:0;padding-top:var(--wp--preset--spacing--x-small);padding-right:var(--wp--preset--spacing--small);padding-bottom:var(--wp--preset--spacing--x-small);padding-left:var(--wp--preset--spacing--small)\">\n<div class=\"wp-block-column is-vertically-aligned-center is-layout-flow wp-block-column-is-layout-flow\">\n<h2 class=\"wp-block-heading\">Putting Green<\/h2>\n\n\n\n<div class=\"wp-block-columns are-vertically-aligned-center is-layout-flex wp-container-core-columns-is-layout-28f84493 wp-block-columns-is-layout-flex\">\n<div class=\"wp-block-column is-vertically-aligned-center is-layout-flow wp-block-column-is-layout-flow\">\n<p>300m\u00b2 de green en gazon synth\u00e9tique, sabl\u00e9, pos\u00e9 sur shock-pad, pour un ressenti naturel et un roul\u00e9 exceptionnel. <\/p>\n\n\n\n<p>Deux plateaux, des ondulations, huit trous pour varier les situations de jeu. <\/p>\n\n\n\n<p>Zones de chipping entre 10m et 30m et un bunker pour un travail vari\u00e9 de vos approches.<\/p>\n<\/div>\n\n\n\n<div class=\"wp-block-column is-vertically-aligned-center is-layout-flow wp-block-column-is-layout-flow\" style=\"flex-basis:60%\">\n<figure class=\"wp-block-image size-large\"><img loading=\"lazy\" decoding=\"async\" width=\"1024\" height=\"576\" src=\"https:\/\/golf.terresdubaguier.fr\/wp-content\/uploads\/2023\/04\/20230402_180051-1024x576.jpg\" alt=\"\" class=\"wp-image-43\" srcset=\"https:\/\/golf.terresdubaguier.fr\/wp-content\/uploads\/2023\/04\/20230402_180051-1024x576.jpg 1024w, https:\/\/golf.terresdubaguier.fr\/wp-content\/uploads\/2023\/04\/20230402_180051-300x169.jpg 300w, https:\/\/golf.terresdubaguier.fr\/wp-content\/uploads\/2023\/04\/20230402_180051-768x432.jpg 768w, https:\/\/golf.terresdubaguier.fr\/wp-content\/uploads\/2023\/04\/20230402_180051-1536x864.jpg 1536w, https:\/\/golf.terresdubaguier.fr\/wp-content\/uploads\/2023\/04\/20230402_180051.jpg 1545w\" sizes=\"auto, (max-width: 1024px) 100vw, 1024px\" \/><\/figure>\n<\/div>\n<\/div>\n\n\n\n<p><\/p>\n\n\n\n<h2 class=\"wp-block-heading\">Swing Zone<\/h2>\n\n\n\n<div class=\"wp-block-columns is-layout-flex wp-container-core-columns-is-layout-28f84493 wp-block-columns-is-layout-flex\">\n<div class=\"wp-block-column is-vertically-aligned-center is-layout-flow wp-block-column-is-layout-flow\" style=\"flex-basis:60%\">\n<figure class=\"wp-block-image\"><img decoding=\"async\" src=\"https:\/\/terresdubaguier.fr\/wp-content\/uploads\/2023\/01\/20210707_Garmin-Approach-R10-le-nouveau-radar-d-analyse-du-swing-avec-simulateur-de-jeu-integre_03-e1680467776908.jpg\" alt=\"\" class=\"wp-image-1451\"\/><\/figure>\n<\/div>\n\n\n\n<div class=\"wp-block-column is-layout-flow wp-block-column-is-layout-flow\" style=\"flex-basis:66.66%\">\n<p>Entrainement au swing avec cage de practice et radar d\u2019analyse. Adapt\u00e9 aux droitiers et gauchers qualifi\u00e9s ou d\u00e9butants.<\/p>\n\n\n\n<p>Radar Garmin Approach R10 et tablette pr\u00e9configur\u00e9e pour une utilisation imm\u00e9diate.<\/p>\n\n\n\n<ul class=\"wp-block-list\">\n<li>Mesures: Distance, direction de la balle par rapport \u00e0 la cible, vitesse de la t\u00eate du club, vitesse et rotation de la balle, angle de la balle apr\u00e8s l\u2019impact,  smash factor,\u2026.<\/li>\n\n\n\n<li>Parcours virtuels<\/li>\n\n\n\n<li>Enregistrements vid\u00e9o&nbsp;<\/li>\n<\/ul>\n<\/div>\n<\/div>\n\n\n\n<p><\/p>\n\n\n\n<h2 class=\"wp-block-heading\">Materiel<\/h2>\n\n\n\n<p>Clubs adultes et enfants et balles sont \u00e0 disposition<\/p>\n<\/div>\n<\/div>\n<\/div>\n\n\n\n<div class=\"wp-block-group alignfull has-global-padding is-layout-constrained wp-block-group-is-layout-constrained\">\n<div class=\"wp-block-media-text is-stacked-on-mobile\"><figure class=\"wp-block-media-text__media\"><img loading=\"lazy\" decoding=\"async\" width=\"1024\" height=\"576\" src=\"https:\/\/golf.terresdubaguier.fr\/wp-content\/uploads\/2025\/08\/20250818_154923-1024x576.jpg\" alt=\"\" class=\"wp-image-148 size-full\" srcset=\"https:\/\/golf.terresdubaguier.fr\/wp-content\/uploads\/2025\/08\/20250818_154923-1024x576.jpg 1024w, https:\/\/golf.terresdubaguier.fr\/wp-content\/uploads\/2025\/08\/20250818_154923-300x169.jpg 300w, https:\/\/golf.terresdubaguier.fr\/wp-content\/uploads\/2025\/08\/20250818_154923-2000x1125.jpg 2000w\" sizes=\"auto, (max-width: 1024px) 100vw, 1024px\" \/><\/figure><div class=\"wp-block-media-text__content\">\n<h2 class=\"wp-block-heading\">Espace d\u00e9tente<\/h2>\n\n\n\n<p>L&#8217;espace Golf compte un chalet chauff\u00e9\/climatis\u00e9 pour les moments de repos, \u00e9t\u00e9 et hiver.<\/p>\n\n\n\n<p>Parking sur place.<\/p>\n<\/div><\/div>\n\n\n\n<div class=\"wp-block-media-text is-stacked-on-mobile\"><figure class=\"wp-block-media-text__media\"><img loading=\"lazy\" decoding=\"async\" width=\"1024\" height=\"576\" src=\"https:\/\/golf.terresdubaguier.fr\/wp-content\/uploads\/2023\/04\/20210719_142152-1024x576.jpg\" alt=\"\" class=\"wp-image-39 size-full\" srcset=\"https:\/\/golf.terresdubaguier.fr\/wp-content\/uploads\/2023\/04\/20210719_142152-1024x576.jpg 1024w, https:\/\/golf.terresdubaguier.fr\/wp-content\/uploads\/2023\/04\/20210719_142152-300x169.jpg 300w, https:\/\/golf.terresdubaguier.fr\/wp-content\/uploads\/2023\/04\/20210719_142152-768x432.jpg 768w, https:\/\/golf.terresdubaguier.fr\/wp-content\/uploads\/2023\/04\/20210719_142152-1536x864.jpg 1536w, https:\/\/golf.terresdubaguier.fr\/wp-content\/uploads\/2023\/04\/20210719_142152-2048x1152.jpg 2048w, https:\/\/golf.terresdubaguier.fr\/wp-content\/uploads\/2023\/04\/20210719_142152-2000x1125.jpg 2000w\" sizes=\"auto, (max-width: 1024px) 100vw, 1024px\" \/><\/figure><div class=\"wp-block-media-text__content\">\n<h2 class=\"wp-block-heading\">Piscine, Spa<\/h2>\n\n\n\n<p>Les d\u00e9tenteurs d&#8217;un pass complet appr\u00e9cieront l&#8217;acc\u00e8s \u00e0 la piscine et au spa de nage pour se d\u00e9tendre apr\u00e8s l&#8217;entrainement de d\u00e9but avril \u00e0 fin octobre.<\/p>\n\n\n\n<p>L&#8217;espace P\u00e9tanque ombrag\u00e9 leur est \u00e9galement accessible toute l&#8217;ann\u00e9e.<\/p>\n<\/div><\/div>\n<\/div>\n\n\n\n<div class=\"wp-block-group alignfull has-black-background-color has-background is-layout-flow wp-block-group-is-layout-flow\" style=\"padding-right:var(--wp--preset--spacing--x-small);padding-left:var(--wp--preset--spacing--x-small)\">\n<h2 class=\"wp-block-heading has-text-align-center has-white-color has-text-color\" style=\"padding-top:var(--wp--preset--spacing--x-small);padding-right:var(--wp--preset--spacing--small);padding-bottom:var(--wp--preset--spacing--x-small);padding-left:var(--wp--preset--spacing--small)\"><strong>Galerie<\/strong><\/h2>\n\n\n\n<figure class=\"wp-block-gallery aligncenter has-nested-images columns-default is-cropped wp-block-gallery-1 is-layout-flex wp-block-gallery-is-layout-flex\">\n<figure class=\"wp-block-image size-large\"><img loading=\"lazy\" decoding=\"async\" width=\"1024\" height=\"576\" data-id=\"43\" src=\"https:\/\/golf.terresdubaguier.fr\/wp-content\/uploads\/2023\/04\/20230402_180051-1024x576.jpg\" alt=\"\" class=\"wp-image-43\" srcset=\"https:\/\/golf.terresdubaguier.fr\/wp-content\/uploads\/2023\/04\/20230402_180051-1024x576.jpg 1024w, https:\/\/golf.terresdubaguier.fr\/wp-content\/uploads\/2023\/04\/20230402_180051-300x169.jpg 300w, https:\/\/golf.terresdubaguier.fr\/wp-content\/uploads\/2023\/04\/20230402_180051-768x432.jpg 768w, https:\/\/golf.terresdubaguier.fr\/wp-content\/uploads\/2023\/04\/20230402_180051-1536x864.jpg 1536w, https:\/\/golf.terresdubaguier.fr\/wp-content\/uploads\/2023\/04\/20230402_180051.jpg 1545w\" sizes=\"auto, (max-width: 1024px) 100vw, 1024px\" \/><\/figure>\n\n\n\n<figure class=\"wp-block-image size-large\"><img loading=\"lazy\" decoding=\"async\" width=\"1024\" height=\"578\" data-id=\"42\" src=\"https:\/\/golf.terresdubaguier.fr\/wp-content\/uploads\/2023\/04\/20230402_180021-1024x578.jpg\" alt=\"\" class=\"wp-image-42\" srcset=\"https:\/\/golf.terresdubaguier.fr\/wp-content\/uploads\/2023\/04\/20230402_180021-1024x578.jpg 1024w, https:\/\/golf.terresdubaguier.fr\/wp-content\/uploads\/2023\/04\/20230402_180021-300x169.jpg 300w, https:\/\/golf.terresdubaguier.fr\/wp-content\/uploads\/2023\/04\/20230402_180021-768x433.jpg 768w, https:\/\/golf.terresdubaguier.fr\/wp-content\/uploads\/2023\/04\/20230402_180021-1536x867.jpg 1536w, https:\/\/golf.terresdubaguier.fr\/wp-content\/uploads\/2023\/04\/20230402_180021.jpg 1744w\" sizes=\"auto, (max-width: 1024px) 100vw, 1024px\" \/><\/figure>\n\n\n\n<figure class=\"wp-block-image size-large\"><img loading=\"lazy\" decoding=\"async\" width=\"1024\" height=\"576\" data-id=\"44\" src=\"https:\/\/golf.terresdubaguier.fr\/wp-content\/uploads\/2023\/04\/20230402_180101-1024x576.jpg\" alt=\"\" class=\"wp-image-44\" srcset=\"https:\/\/golf.terresdubaguier.fr\/wp-content\/uploads\/2023\/04\/20230402_180101-1024x576.jpg 1024w, https:\/\/golf.terresdubaguier.fr\/wp-content\/uploads\/2023\/04\/20230402_180101-300x169.jpg 300w, https:\/\/golf.terresdubaguier.fr\/wp-content\/uploads\/2023\/04\/20230402_180101-768x432.jpg 768w, https:\/\/golf.terresdubaguier.fr\/wp-content\/uploads\/2023\/04\/20230402_180101-1536x864.jpg 1536w, https:\/\/golf.terresdubaguier.fr\/wp-content\/uploads\/2023\/04\/20230402_180101.jpg 1571w\" sizes=\"auto, (max-width: 1024px) 100vw, 1024px\" \/><\/figure>\n\n\n\n<figure class=\"wp-block-image size-large\"><img loading=\"lazy\" decoding=\"async\" width=\"1024\" height=\"693\" data-id=\"46\" src=\"https:\/\/golf.terresdubaguier.fr\/wp-content\/uploads\/2023\/04\/20210719_142534-1024x693.jpg\" alt=\"\" class=\"wp-image-46\" srcset=\"https:\/\/golf.terresdubaguier.fr\/wp-content\/uploads\/2023\/04\/20210719_142534-1024x693.jpg 1024w, https:\/\/golf.terresdubaguier.fr\/wp-content\/uploads\/2023\/04\/20210719_142534-300x203.jpg 300w, https:\/\/golf.terresdubaguier.fr\/wp-content\/uploads\/2023\/04\/20210719_142534-768x519.jpg 768w, https:\/\/golf.terresdubaguier.fr\/wp-content\/uploads\/2023\/04\/20210719_142534-1536x1039.jpg 1536w, https:\/\/golf.terresdubaguier.fr\/wp-content\/uploads\/2023\/04\/20210719_142534-2048x1385.jpg 2048w, https:\/\/golf.terresdubaguier.fr\/wp-content\/uploads\/2023\/04\/20210719_142534-2000x1353.jpg 2000w\" sizes=\"auto, (max-width: 1024px) 100vw, 1024px\" \/><\/figure>\n\n\n\n<figure class=\"wp-block-image size-large\"><img loading=\"lazy\" decoding=\"async\" width=\"1024\" height=\"576\" data-id=\"39\" src=\"https:\/\/golf.terresdubaguier.fr\/wp-content\/uploads\/2023\/04\/20210719_142152-1024x576.jpg\" alt=\"\" class=\"wp-image-39\" srcset=\"https:\/\/golf.terresdubaguier.fr\/wp-content\/uploads\/2023\/04\/20210719_142152-1024x576.jpg 1024w, https:\/\/golf.terresdubaguier.fr\/wp-content\/uploads\/2023\/04\/20210719_142152-300x169.jpg 300w, https:\/\/golf.terresdubaguier.fr\/wp-content\/uploads\/2023\/04\/20210719_142152-768x432.jpg 768w, https:\/\/golf.terresdubaguier.fr\/wp-content\/uploads\/2023\/04\/20210719_142152-1536x864.jpg 1536w, https:\/\/golf.terresdubaguier.fr\/wp-content\/uploads\/2023\/04\/20210719_142152-2048x1152.jpg 2048w, https:\/\/golf.terresdubaguier.fr\/wp-content\/uploads\/2023\/04\/20210719_142152-2000x1125.jpg 2000w\" sizes=\"auto, (max-width: 1024px) 100vw, 1024px\" \/><\/figure>\n\n\n\n<figure class=\"wp-block-image size-large\"><img loading=\"lazy\" decoding=\"async\" width=\"1024\" height=\"578\" data-id=\"45\" src=\"https:\/\/golf.terresdubaguier.fr\/wp-content\/uploads\/2023\/04\/20230403_140635-1024x578.jpg\" alt=\"\" class=\"wp-image-45\" srcset=\"https:\/\/golf.terresdubaguier.fr\/wp-content\/uploads\/2023\/04\/20230403_140635-1024x578.jpg 1024w, https:\/\/golf.terresdubaguier.fr\/wp-content\/uploads\/2023\/04\/20230403_140635-300x169.jpg 300w, https:\/\/golf.terresdubaguier.fr\/wp-content\/uploads\/2023\/04\/20230403_140635-768x433.jpg 768w, https:\/\/golf.terresdubaguier.fr\/wp-content\/uploads\/2023\/04\/20230403_140635-1536x866.jpg 1536w, https:\/\/golf.terresdubaguier.fr\/wp-content\/uploads\/2023\/04\/20230403_140635.jpg 1663w\" sizes=\"auto, (max-width: 1024px) 100vw, 1024px\" \/><\/figure>\n<\/figure>\n<\/div>\n\n\n\n<div class=\"wp-block-cover alignfull is-light has-parallax is-position-center-center\" style=\"min-height:375px;aspect-ratio:unset;\"><div class=\"wp-block-cover__image-background wp-image-38 has-parallax\" style=\"background-position:50% 50%;background-image:url(https:\/\/golf.terresdubaguier.fr\/wp-content\/uploads\/2023\/04\/DJI_0093-scaled.jpg)\"><\/div><span aria-hidden=\"true\" class=\"wp-block-cover__background has-black-background-color has-background-dim-40 has-background-dim\"><\/span><div class=\"wp-block-cover__inner-container is-layout-flow wp-block-cover-is-layout-flow\">\n<p class=\"has-text-align-center has-text-color has-huge-font-size\" style=\"color:#fffffa;line-height:1.1\">Envoyez nous un email<\/p>\n\n\n\n<div style=\"height:39px\" aria-hidden=\"true\" class=\"wp-block-spacer\"><\/div>\n\n\n\n<div class=\"wp-block-buttons is-horizontal is-content-justification-center is-layout-flex wp-container-core-buttons-is-layout-03627597 wp-block-buttons-is-layout-flex\">\n<div class=\"wp-block-button is-style-outline is-style-outline--2\"><a class=\"wp-block-button__link has-white-color has-text-color wp-element-button\" href=\"mailto:contact@terresdubaguier.fr?subject=Demande%20du%20site%20Golf\">Contact<\/a><\/div>\n<\/div>\n<\/div><\/div>\n\n\n\n<p><\/p>\n","protected":false},"excerpt":{"rendered":"<p>Les Terres du Baguier est un petit domaine touristique qui ouvre ses portes \u00e0 quelques clients, souvent venus de loin, qui s\u00e9journent au calme, dans l&#8217;une de nos trois maisons de vacances avec vue mer. Sur invitation, nous ouvrons \u00e9galement nos portes aux golfeurs r\u00e9sidants ou en s\u00e9jour \u00e0 la Ciotat, qui voudraient profiter de &hellip; <\/p>\n<p class=\"link-more\"><a href=\"https:\/\/golf.terresdubaguier.fr\/\" class=\"more-link\">Lire la suite de<span class=\"screen-reader-text\">\u00ab\u00a0Golf Practice\u00a0\u00bb<\/span><\/a><\/p>\n","protected":false},"author":1,"featured_media":10,"parent":0,"menu_order":0,"comment_status":"closed","ping_status":"closed","template":"","meta":{"footnotes":""},"class_list":["post-11","page","type-page","status-publish","has-post-thumbnail","hentry"],"_links":{"self":[{"href":"https:\/\/golf.terresdubaguier.fr\/index.php?rest_route=\/wp\/v2\/pages\/11","targetHints":{"allow":["GET"]}}],"collection":[{"href":"https:\/\/golf.terresdubaguier.fr\/index.php?rest_route=\/wp\/v2\/pages"}],"about":[{"href":"https:\/\/golf.terresdubaguier.fr\/index.php?rest_route=\/wp\/v2\/types\/page"}],"author":[{"embeddable":true,"href":"https:\/\/golf.terresdubaguier.fr\/index.php?rest_route=\/wp\/v2\/users\/1"}],"replies":[{"embeddable":true,"href":"https:\/\/golf.terresdubaguier.fr\/index.php?rest_route=%2Fwp%2Fv2%2Fcomments&post=11"}],"version-history":[{"count":23,"href":"https:\/\/golf.terresdubaguier.fr\/index.php?rest_route=\/wp\/v2\/pages\/11\/revisions"}],"predecessor-version":[{"id":153,"href":"https:\/\/golf.terresdubaguier.fr\/index.php?rest_route=\/wp\/v2\/pages\/11\/revisions\/153"}],"wp:featuredmedia":[{"embeddable":true,"href":"https:\/\/golf.terresdubaguier.fr\/index.php?rest_route=\/wp\/v2\/media\/10"}],"wp:attachment":[{"href":"https:\/\/golf.terresdubaguier.fr\/index.php?rest_route=%2Fwp%2Fv2%2Fmedia&parent=11"}],"curies":[{"name":"wp","href":"https:\/\/api.w.org\/{rel}","templated":true}]}}